{"id":21,"date":"2024-11-11T22:53:09","date_gmt":"2024-11-11T22:53:09","guid":{"rendered":"https:\/\/nathassiapoliseni.com.br\/lp\/?page_id=21"},"modified":"2024-11-11T22:53:21","modified_gmt":"2024-11-11T22:53:21","slug":"home","status":"publish","type":"page","link":"https:\/\/nathassiapoliseni.com.br\/lp\/","title":{"rendered":"HOME"},"content":{"rendered":"\t\t<div data-elementor-type=\"page\" data-elementor-id=\"16\" class=\"elementor elementor-16\" data-elementor-post-type=\"elementor_library\">\n\t\t\t\t\t\t<section class=\"elementor-section elementor-top-section elementor-element elementor-element-71791c10 elementor-section-boxed elementor-section-height-default elementor-section-height-default\" data-id=\"71791c10\" data-element_type=\"section\" data-e-type=\"section\" data-settings=\"{&quot;background_background&quot;:&quot;classic&quot;}\">\n\t\t\t\t\t\t\t<div class=\"elementor-background-overlay\"><\/div>\n\t\t\t\t\t\t\t<div class=\"elementor-container elementor-column-gap-default\">\n\t\t\t\t\t<div class=\"elementor-column elementor-col-50 elementor-top-column elementor-element elementor-element-dae91b9\" data-id=\"dae91b9\" data-element_type=\"column\" data-e-type=\"column\">\n\t\t\t<div class=\"elementor-widget-wrap elementor-element-populated\">\n\t\t\t\t\t\t<div class=\"elementor-element elementor-element-7a40dc54 elementor-widget elementor-widget-image\" data-id=\"7a40dc54\" data-element_type=\"widget\" data-e-type=\"widget\" data-widget_type=\"image.default\">\n\t\t\t\t<div class=\"elementor-widget-container\">\n\t\t\t\t\t\t\t\t\t\t\t\t\t\t\t<img fetchpriority=\"high\" decoding=\"async\" width=\"1000\" height=\"385\" src=\"https:\/\/nathassiapoliseni.com.br\/lp\/wp-content\/uploads\/2024\/11\/Logo-Transparente.png\" class=\"attachment-full size-full wp-image-11\" alt=\"\" srcset=\"https:\/\/nathassiapoliseni.com.br\/lp\/wp-content\/uploads\/2024\/11\/Logo-Transparente.png 1000w, https:\/\/nathassiapoliseni.com.br\/lp\/wp-content\/uploads\/2024\/11\/Logo-Transparente-300x116.png 300w, https:\/\/nathassiapoliseni.com.br\/lp\/wp-content\/uploads\/2024\/11\/Logo-Transparente-768x296.png 768w\" sizes=\"(max-width: 1000px) 100vw, 1000px\" \/>\t\t\t\t\t\t\t\t\t\t\t\t\t\t\t<\/div>\n\t\t\t\t<\/div>\n\t\t\t\t<div class=\"elementor-element elementor-element-15f3c6e9 elementor-widget elementor-widget-heading\" data-id=\"15f3c6e9\" data-element_type=\"widget\" data-e-type=\"widget\" data-widget_type=\"heading.default\">\n\t\t\t\t<div class=\"elementor-widget-container\">\n\t\t\t\t\t<h2 class=\"elementor-heading-title elementor-size-default\">Diagn\u00f3stico Estrat\u00e9gico para L\u00edderes que Buscam Crescer seu neg\u00f3cio com Prop\u00f3sito e Integridade.<\/h2>\t\t\t\t<\/div>\n\t\t\t\t<\/div>\n\t\t\t\t<div class=\"elementor-element elementor-element-2b09735e elementor-hidden-desktop elementor-widget elementor-widget-image\" data-id=\"2b09735e\" data-element_type=\"widget\" data-e-type=\"widget\" data-widget_type=\"image.default\">\n\t\t\t\t<div class=\"elementor-widget-container\">\n\t\t\t\t\t\t\t\t\t\t\t\t\t\t\t<img decoding=\"async\" width=\"768\" height=\"1024\" src=\"https:\/\/nathassiapoliseni.com.br\/lp\/wp-content\/uploads\/2024\/11\/bybrunomenezes-45-768x1024.jpg\" class=\"attachment-large size-large wp-image-12\" alt=\"\" srcset=\"https:\/\/nathassiapoliseni.com.br\/lp\/wp-content\/uploads\/2024\/11\/bybrunomenezes-45-768x1024.jpg 768w, https:\/\/nathassiapoliseni.com.br\/lp\/wp-content\/uploads\/2024\/11\/bybrunomenezes-45-225x300.jpg 225w, https:\/\/nathassiapoliseni.com.br\/lp\/wp-content\/uploads\/2024\/11\/bybrunomenezes-45-1152x1536.jpg 1152w, https:\/\/nathassiapoliseni.com.br\/lp\/wp-content\/uploads\/2024\/11\/bybrunomenezes-45.jpg 1536w\" sizes=\"(max-width: 768px) 100vw, 768px\" \/>\t\t\t\t\t\t\t\t\t\t\t\t\t\t\t<\/div>\n\t\t\t\t<\/div>\n\t\t\t\t<div class=\"elementor-element elementor-element-51a099f9 elementor-widget elementor-widget-heading\" data-id=\"51a099f9\" data-element_type=\"widget\" data-e-type=\"widget\" data-widget_type=\"heading.default\">\n\t\t\t\t<div class=\"elementor-widget-container\">\n\t\t\t\t\t<h2 class=\"elementor-heading-title elementor-size-default\">Criaremos juntos um plano de a\u00e7\u00e3o personalizado, com base nas suas necessidades estrat\u00e9gicas, alinhando decis\u00f5es para maximizar o desempenho e os resultados do seu neg\u00f3cio.<\/h2>\t\t\t\t<\/div>\n\t\t\t\t<\/div>\n\t\t\t\t<div class=\"elementor-element elementor-element-7b837218 elementor-button-align-stretch elementor-widget elementor-widget-form\" data-id=\"7b837218\" data-element_type=\"widget\" data-e-type=\"widget\" data-settings=\"{&quot;step_next_label&quot;:&quot;Next&quot;,&quot;step_previous_label&quot;:&quot;Previous&quot;,&quot;button_width&quot;:&quot;100&quot;,&quot;step_type&quot;:&quot;number_text&quot;,&quot;step_icon_shape&quot;:&quot;circle&quot;}\" data-widget_type=\"form.default\">\n\t\t\t\t<div class=\"elementor-widget-container\">\n\t\t\t\t\t\t\t<form class=\"elementor-form\" method=\"post\" id=\"form\" name=\"New Form\">\n\t\t\t<input type=\"hidden\" name=\"post_id\" value=\"16\"\/>\n\t\t\t<input type=\"hidden\" name=\"form_id\" value=\"7b837218\"\/>\n\t\t\t<input type=\"hidden\" name=\"referer_title\" value=\"\" \/>\n\n\t\t\t\t\t\t\t<input type=\"hidden\" name=\"queried_id\" value=\"21\"\/>\n\t\t\t\n\t\t\t<div class=\"elementor-form-fields-wrapper elementor-labels-above\">\n\t\t\t\t\t\t\t\t<div class=\"elementor-field-type-text elementor-field-group elementor-column elementor-field-group-name elementor-col-100\">\n\t\t\t\t\t\t\t\t\t\t\t\t\t<input size=\"1\" type=\"text\" name=\"form_fields[name]\" id=\"form-field-name\" class=\"elementor-field elementor-size-md  elementor-field-textual\" placeholder=\"Seu Nome\">\n\t\t\t\t\t\t\t\t\t\t\t<\/div>\n\t\t\t\t\t\t\t\t<div class=\"elementor-field-type-email elementor-field-group elementor-column elementor-field-group-email elementor-col-100 elementor-field-required elementor-mark-required\">\n\t\t\t\t\t\t\t\t\t\t\t\t\t<input size=\"1\" type=\"email\" name=\"form_fields[email]\" id=\"form-field-email\" class=\"elementor-field elementor-size-md  elementor-field-textual\" placeholder=\"Seu Melhor Email\" required=\"required\" aria-required=\"true\">\n\t\t\t\t\t\t\t\t\t\t\t<\/div>\n\t\t\t\t\t\t\t\t<div class=\"elementor-field-type-number elementor-field-group elementor-column elementor-field-group-field_d389f9d elementor-col-100\">\n\t\t\t\t\t\t\t\t<input type=\"number\" name=\"form_fields[field_d389f9d]\" id=\"form-field-field_d389f9d\" class=\"elementor-field elementor-size-md  elementor-field-textual\" placeholder=\"Seu telefone\" min=\"\" max=\"\" >\n\t\t\t\t\t\t<\/div>\n\t\t\t\t\t\t\t\t<div class=\"elementor-field-group elementor-column elementor-field-type-submit elementor-col-100 e-form__buttons\">\n\t\t\t\t\t<button class=\"elementor-button elementor-size-md\" type=\"submit\">\n\t\t\t\t\t\t<span class=\"elementor-button-content-wrapper\">\n\t\t\t\t\t\t\t\t\t\t\t\t\t\t\t\t\t\t\t\t\t\t<span class=\"elementor-button-text\">QUERO MEU DIAGN\u00d3STICO<\/span>\n\t\t\t\t\t\t\t\t\t\t\t\t\t<\/span>\n\t\t\t\t\t<\/button>\n\t\t\t\t<\/div>\n\t\t\t<\/div>\n\t\t<\/form>\n\t\t\t\t\t\t<\/div>\n\t\t\t\t<\/div>\n\t\t\t\t<div class=\"elementor-element elementor-element-20a33786 elementor-widget elementor-widget-heading\" data-id=\"20a33786\" data-element_type=\"widget\" data-e-type=\"widget\" data-widget_type=\"heading.default\">\n\t\t\t\t<div class=\"elementor-widget-container\">\n\t\t\t\t\t<h2 class=\"elementor-heading-title elementor-size-default\">Receba seu plano de a\u00e7\u00e3o em uma sess\u00e3o estrat\u00e9gica exclusiva, dedicada a impulsionar seus resultados como l\u00edder e empres\u00e1rio.<\/h2>\t\t\t\t<\/div>\n\t\t\t\t<\/div>\n\t\t\t\t\t<\/div>\n\t\t<\/div>\n\t\t\t\t<div class=\"elementor-column elementor-col-50 elementor-top-column elementor-element elementor-element-6cd5e79c\" data-id=\"6cd5e79c\" data-element_type=\"column\" data-e-type=\"column\">\n\t\t\t<div class=\"elementor-widget-wrap elementor-element-populated\">\n\t\t\t\t\t\t<div class=\"elementor-element elementor-element-1dae93f elementor-hidden-mobile elementor-widget elementor-widget-image\" data-id=\"1dae93f\" data-element_type=\"widget\" data-e-type=\"widget\" data-widget_type=\"image.default\">\n\t\t\t\t<div class=\"elementor-widget-container\">\n\t\t\t\t\t\t\t\t\t\t\t\t\t\t\t<img decoding=\"async\" width=\"768\" height=\"1024\" src=\"https:\/\/nathassiapoliseni.com.br\/lp\/wp-content\/uploads\/2024\/11\/bybrunomenezes-45-768x1024.jpg\" class=\"attachment-large size-large wp-image-12\" alt=\"\" srcset=\"https:\/\/nathassiapoliseni.com.br\/lp\/wp-content\/uploads\/2024\/11\/bybrunomenezes-45-768x1024.jpg 768w, https:\/\/nathassiapoliseni.com.br\/lp\/wp-content\/uploads\/2024\/11\/bybrunomenezes-45-225x300.jpg 225w, https:\/\/nathassiapoliseni.com.br\/lp\/wp-content\/uploads\/2024\/11\/bybrunomenezes-45-1152x1536.jpg 1152w, https:\/\/nathassiapoliseni.com.br\/lp\/wp-content\/uploads\/2024\/11\/bybrunomenezes-45.jpg 1536w\" sizes=\"(max-width: 768px) 100vw, 768px\" \/>\t\t\t\t\t\t\t\t\t\t\t\t\t\t\t<\/div>\n\t\t\t\t<\/div>\n\t\t\t\t\t<\/div>\n\t\t<\/div>\n\t\t\t\t\t<\/div>\n\t\t<\/section>\n\t\t\t\t<section class=\"elementor-section elementor-top-section elementor-element elementor-element-f7d02e8 elementor-section-boxed elementor-section-height-default elementor-section-height-default\" data-id=\"f7d02e8\" data-element_type=\"section\" data-e-type=\"section\" data-settings=\"{&quot;background_background&quot;:&quot;classic&quot;}\">\n\t\t\t\t\t\t\t<div class=\"elementor-background-overlay\"><\/div>\n\t\t\t\t\t\t\t<div class=\"elementor-container elementor-column-gap-default\">\n\t\t\t\t\t<div class=\"elementor-column elementor-col-100 elementor-top-column elementor-element elementor-element-63309c58\" data-id=\"63309c58\" data-element_type=\"column\" data-e-type=\"column\">\n\t\t\t<div class=\"elementor-widget-wrap elementor-element-populated\">\n\t\t\t\t\t\t<section class=\"elementor-section elementor-inner-section elementor-element elementor-element-767b8b95 elementor-section-boxed elementor-section-height-default elementor-section-height-default\" data-id=\"767b8b95\" data-element_type=\"section\" data-e-type=\"section\">\n\t\t\t\t\t\t<div class=\"elementor-container elementor-column-gap-default\">\n\t\t\t\t\t<div class=\"elementor-column elementor-col-100 elementor-inner-column elementor-element elementor-element-62bbbb8d\" data-id=\"62bbbb8d\" data-element_type=\"column\" data-e-type=\"column\">\n\t\t\t<div class=\"elementor-widget-wrap elementor-element-populated\">\n\t\t\t\t\t\t<div class=\"elementor-element elementor-element-15fe650b elementor-invisible elementor-widget elementor-widget-heading\" data-id=\"15fe650b\" data-element_type=\"widget\" data-e-type=\"widget\" data-settings=\"{&quot;_animation&quot;:&quot;fadeInLeft&quot;}\" data-widget_type=\"heading.default\">\n\t\t\t\t<div class=\"elementor-widget-container\">\n\t\t\t\t\t<h2 class=\"elementor-heading-title elementor-size-default\">PARA QUEM \u00c9 ESTE DIAGN\u00d3STICO ESTRAT\u00c9GICO?<\/h2>\t\t\t\t<\/div>\n\t\t\t\t<\/div>\n\t\t\t\t<div class=\"elementor-element elementor-element-3723fef5 elementor-invisible elementor-widget elementor-widget-text-editor\" data-id=\"3723fef5\" data-element_type=\"widget\" data-e-type=\"widget\" data-settings=\"{&quot;_animation&quot;:&quot;fadeInRight&quot;}\" data-widget_type=\"text-editor.default\">\n\t\t\t\t<div class=\"elementor-widget-container\">\n\t\t\t\t\t\t\t\t\t<p><span class=\"TextRun SCXW236752750 BCX0\" lang=\"PT-BR\" xml:lang=\"PT-BR\" data-contrast=\"auto\"><span class=\"NormalTextRun SCXW236752750 BCX0\">Empreendedores e L\u00edderes que desejam alinhar processos e pessoas \u00e0 cultura organizacional para gerar crescimento sustent\u00e1vel, decis\u00f5es estrat\u00e9gicas e equipes de alta performance.<\/span><\/span><\/p>\t\t\t\t\t\t\t\t<\/div>\n\t\t\t\t<\/div>\n\t\t\t\t<div class=\"elementor-element elementor-element-5c236b12 elementor-align-justify elementor-widget elementor-widget-button\" data-id=\"5c236b12\" data-element_type=\"widget\" data-e-type=\"widget\" data-widget_type=\"button.default\">\n\t\t\t\t<div class=\"elementor-widget-container\">\n\t\t\t\t\t\t\t\t\t<div class=\"elementor-button-wrapper\">\n\t\t\t\t\t<a class=\"elementor-button elementor-button-link elementor-size-md\" href=\"#form\">\n\t\t\t\t\t\t<span class=\"elementor-button-content-wrapper\">\n\t\t\t\t\t\t\t\t\t<span class=\"elementor-button-text\">QUERO MEU DIAGN\u00d3STICO<\/span>\n\t\t\t\t\t<\/span>\n\t\t\t\t\t<\/a>\n\t\t\t\t<\/div>\n\t\t\t\t\t\t\t\t<\/div>\n\t\t\t\t<\/div>\n\t\t\t\t\t<\/div>\n\t\t<\/div>\n\t\t\t\t\t<\/div>\n\t\t<\/section>\n\t\t\t\t\t<\/div>\n\t\t<\/div>\n\t\t\t\t\t<\/div>\n\t\t<\/section>\n\t\t\t\t<section class=\"elementor-section elementor-top-section elementor-element elementor-element-3c7d016 elementor-section-boxed elementor-section-height-default elementor-section-height-default\" data-id=\"3c7d016\" data-element_type=\"section\" data-e-type=\"section\" data-settings=\"{&quot;background_background&quot;:&quot;classic&quot;}\">\n\t\t\t\t\t\t<div class=\"elementor-container elementor-column-gap-default\">\n\t\t\t\t\t<div class=\"elementor-column elementor-col-100 elementor-top-column elementor-element elementor-element-1d37984e\" data-id=\"1d37984e\" data-element_type=\"column\" data-e-type=\"column\">\n\t\t\t<div class=\"elementor-widget-wrap elementor-element-populated\">\n\t\t\t\t\t\t<section class=\"elementor-section elementor-inner-section elementor-element elementor-element-5c970d45 elementor-section-boxed elementor-section-height-default elementor-section-height-default\" data-id=\"5c970d45\" data-element_type=\"section\" data-e-type=\"section\">\n\t\t\t\t\t\t<div class=\"elementor-container elementor-column-gap-default\">\n\t\t\t\t\t<div class=\"elementor-column elementor-col-100 elementor-inner-column elementor-element elementor-element-57ef0e3e\" data-id=\"57ef0e3e\" data-element_type=\"column\" data-e-type=\"column\">\n\t\t\t<div class=\"elementor-widget-wrap elementor-element-populated\">\n\t\t\t\t\t\t<div class=\"elementor-element elementor-element-21f6bedc elementor-headline--style-highlight elementor-widget elementor-widget-animated-headline\" data-id=\"21f6bedc\" data-element_type=\"widget\" data-e-type=\"widget\" data-settings=\"{&quot;marker&quot;:&quot;underline&quot;,&quot;highlighted_text&quot;:&quot; NATHI!&quot;,&quot;headline_style&quot;:&quot;highlight&quot;,&quot;loop&quot;:&quot;yes&quot;,&quot;highlight_animation_duration&quot;:1200,&quot;highlight_iteration_delay&quot;:8000}\" data-widget_type=\"animated-headline.default\">\n\t\t\t\t<div class=\"elementor-widget-container\">\n\t\t\t\t\t\t\t<h3 class=\"elementor-headline\">\n\t\t\t\t\t<span class=\"elementor-headline-plain-text elementor-headline-text-wrapper\">MUITO PRAZER,<\/span>\n\t\t\t\t<span class=\"elementor-headline-dynamic-wrapper elementor-headline-text-wrapper\">\n\t\t\t\t\t<span class=\"elementor-headline-dynamic-text elementor-headline-text-active\"> NATHI!<\/span>\n\t\t\t\t<\/span>\n\t\t\t\t<\/h3>\n\t\t\t\t\t\t<\/div>\n\t\t\t\t<\/div>\n\t\t\t\t\t<\/div>\n\t\t<\/div>\n\t\t\t\t\t<\/div>\n\t\t<\/section>\n\t\t\t\t<section class=\"elementor-section elementor-inner-section elementor-element elementor-element-464e63ba elementor-section-boxed elementor-section-height-default elementor-section-height-default\" data-id=\"464e63ba\" data-element_type=\"section\" data-e-type=\"section\">\n\t\t\t\t\t\t<div class=\"elementor-container elementor-column-gap-default\">\n\t\t\t\t\t<div class=\"elementor-column elementor-col-50 elementor-inner-column elementor-element elementor-element-201ed8c5\" data-id=\"201ed8c5\" data-element_type=\"column\" data-e-type=\"column\">\n\t\t\t<div class=\"elementor-widget-wrap elementor-element-populated\">\n\t\t\t\t\t\t<div class=\"elementor-element elementor-element-3ee1a153 elementor-widget elementor-widget-image\" data-id=\"3ee1a153\" data-element_type=\"widget\" data-e-type=\"widget\" data-widget_type=\"image.default\">\n\t\t\t\t<div class=\"elementor-widget-container\">\n\t\t\t\t\t\t\t\t\t\t\t\t\t\t\t<img decoding=\"async\" width=\"1024\" height=\"967\" src=\"https:\/\/nathassiapoliseni.com.br\/lp\/wp-content\/uploads\/2024\/11\/bybrunomenezes-17-1-1-1024x967.jpg\" class=\"attachment-large size-large wp-image-14\" alt=\"\" srcset=\"https:\/\/nathassiapoliseni.com.br\/lp\/wp-content\/uploads\/2024\/11\/bybrunomenezes-17-1-1-1024x967.jpg 1024w, https:\/\/nathassiapoliseni.com.br\/lp\/wp-content\/uploads\/2024\/11\/bybrunomenezes-17-1-1-300x283.jpg 300w, https:\/\/nathassiapoliseni.com.br\/lp\/wp-content\/uploads\/2024\/11\/bybrunomenezes-17-1-1-768x725.jpg 768w, https:\/\/nathassiapoliseni.com.br\/lp\/wp-content\/uploads\/2024\/11\/bybrunomenezes-17-1-1.jpg 1536w\" sizes=\"(max-width: 1024px) 100vw, 1024px\" \/>\t\t\t\t\t\t\t\t\t\t\t\t\t\t\t<\/div>\n\t\t\t\t<\/div>\n\t\t\t\t\t<\/div>\n\t\t<\/div>\n\t\t\t\t<div class=\"elementor-column elementor-col-50 elementor-inner-column elementor-element elementor-element-3cdc351c\" data-id=\"3cdc351c\" data-element_type=\"column\" data-e-type=\"column\">\n\t\t\t<div class=\"elementor-widget-wrap elementor-element-populated\">\n\t\t\t\t\t\t<div class=\"elementor-element elementor-element-6250d6a4 elementor-invisible elementor-widget elementor-widget-text-editor\" data-id=\"6250d6a4\" data-element_type=\"widget\" data-e-type=\"widget\" data-settings=\"{&quot;_animation&quot;:&quot;fadeInRight&quot;}\" data-widget_type=\"text-editor.default\">\n\t\t\t\t<div class=\"elementor-widget-container\">\n\t\t\t\t\t\t\t\t\t<p><strong>Psic\u00f3loga Institucional | CRP 07\/20955\u00a0<\/strong><\/p><p><strong>Consultora e Mentora em Desenvolvimento Humano\u00a0<\/strong><\/p><p><strong>Partner GPTW\u00ae\ufe0f e Great People\u00a0<\/strong><\/p><p><span class=\"TextRun SCXW115513682 BCX0\" lang=\"PT-BR\" xml:lang=\"PT-BR\" data-contrast=\"auto\"><span class=\"NormalTextRun SCXW115513682 BCX0\">H\u00e1 mais de uma d\u00e9cada ajudo l\u00edderes a alinharem decis\u00f5es com seus valores fundamentais, promovendo integridade em seus neg\u00f3cios. Ao fortalecer a mentalidade estrat\u00e9gica de l\u00edderes, os efeitos se expandem por toda a organiza\u00e7\u00e3o, criando uma cultura de alta performance, \u00e9tica e integridade.<\/span><\/span><\/p>\t\t\t\t\t\t\t\t<\/div>\n\t\t\t\t<\/div>\n\t\t\t\t<div class=\"elementor-element elementor-element-3659675e elementor-widget elementor-widget-image\" data-id=\"3659675e\" data-element_type=\"widget\" data-e-type=\"widget\" data-widget_type=\"image.default\">\n\t\t\t\t<div class=\"elementor-widget-container\">\n\t\t\t\t\t\t\t\t\t\t\t\t\t\t\t\t<a href=\"https:\/\/www.instagram.com\/Nathassiapolisenipsicologa\">\n\t\t\t\t\t\t\t<img decoding=\"async\" src=\"https:\/\/nathassiapoliseni.com.br\/lp\/wp-content\/uploads\/elementor\/thumbs\/87390-qwx6ni8ovyvtzb7rz5rl7ofa7mn0vob023eqpdbve4.png\" title=\"87390.png\" alt=\"87390.png\" loading=\"lazy\" \/>\t\t\t\t\t\t\t\t<\/a>\n\t\t\t\t\t\t\t\t\t\t\t\t\t\t\t<\/div>\n\t\t\t\t<\/div>\n\t\t\t\t\t<\/div>\n\t\t<\/div>\n\t\t\t\t\t<\/div>\n\t\t<\/section>\n\t\t\t\t\t<\/div>\n\t\t<\/div>\n\t\t\t\t\t<\/div>\n\t\t<\/section>\n\t\t\t\t<section class=\"elementor-section elementor-top-section elementor-element elementor-element-20d861d1 elementor-section-boxed elementor-section-height-default elementor-section-height-default\" data-id=\"20d861d1\" data-element_type=\"section\" data-e-type=\"section\" data-settings=\"{&quot;background_background&quot;:&quot;classic&quot;}\">\n\t\t\t\t\t\t<div class=\"elementor-container elementor-column-gap-default\">\n\t\t\t\t\t<div class=\"elementor-column elementor-col-100 elementor-top-column elementor-element elementor-element-65eee8e7\" data-id=\"65eee8e7\" data-element_type=\"column\" data-e-type=\"column\">\n\t\t\t<div class=\"elementor-widget-wrap\">\n\t\t\t\t\t\t\t<\/div>\n\t\t<\/div>\n\t\t\t\t\t<\/div>\n\t\t<\/section>\n\t\t\t\t<section class=\"elementor-section elementor-top-section elementor-element elementor-element-6c59180c elementor-section-boxed elementor-section-height-default elementor-section-height-default\" data-id=\"6c59180c\" data-element_type=\"section\" data-e-type=\"section\" data-settings=\"{&quot;background_background&quot;:&quot;classic&quot;}\">\n\t\t\t\t\t\t<div class=\"elementor-container elementor-column-gap-default\">\n\t\t\t\t\t<div class=\"elementor-column elementor-col-100 elementor-top-column elementor-element elementor-element-1284cc9\" data-id=\"1284cc9\" data-element_type=\"column\" data-e-type=\"column\">\n\t\t\t<div class=\"elementor-widget-wrap elementor-element-populated\">\n\t\t\t\t\t\t<div class=\"elementor-element elementor-element-7556e44 elementor-widget elementor-widget-text-editor\" data-id=\"7556e44\" data-element_type=\"widget\" data-e-type=\"widget\" data-widget_type=\"text-editor.default\">\n\t\t\t\t<div class=\"elementor-widget-container\">\n\t\t\t\t\t\t\t\t\t<p><b>Este site n\u00e3o \u00e9 afiliado ao Facebook ou a qualquer entidade do Facebook.<\/b>\u00a0Depois que voc\u00ea sair do Facebook, a responsabilidade n\u00e3o \u00e9 deles e sim do nosso site. Fazemos todos os esfor\u00e7os para indicar claramente e mostrar todas as provas do produto e usamos resultados reais. N\u00f3s n\u00e3o vendemos o seu e-mail ou qualquer informa\u00e7\u00e3o para terceiros. Jamais fazemos nenhum tipo de spam. Se voc\u00ea tiver alguma d\u00favida, sinta-se \u00e0 vontade para usar o link de contato e falar conosco em hor\u00e1rio comercial de Segunda a Sextas das 09h00 \u00e1s 18h00. Lemos e respondemos todas as mensagens por ordem de chegada.<\/p>\t\t\t\t\t\t\t\t<\/div>\n\t\t\t\t<\/div>\n\t\t\t\t\t<\/div>\n\t\t<\/div>\n\t\t\t\t\t<\/div>\n\t\t<\/section>\n\t\t\t\t<\/div>\n\t\t\n","protected":false},"excerpt":{"rendered":"","protected":false},"author":1,"featured_media":0,"parent":0,"menu_order":0,"comment_status":"closed","ping_status":"closed","template":"elementor_canvas","meta":{"nf_dc_page":"","footnotes":""},"class_list":["post-21","page","type-page","status-publish","hentry"],"_links":{"self":[{"href":"https:\/\/nathassiapoliseni.com.br\/lp\/wp-json\/wp\/v2\/pages\/21","targetHints":{"allow":["GET"]}}],"collection":[{"href":"https:\/\/nathassiapoliseni.com.br\/lp\/wp-json\/wp\/v2\/pages"}],"about":[{"href":"https:\/\/nathassiapoliseni.com.br\/lp\/wp-json\/wp\/v2\/types\/page"}],"author":[{"embeddable":true,"href":"https:\/\/nathassiapoliseni.com.br\/lp\/wp-json\/wp\/v2\/users\/1"}],"replies":[{"embeddable":true,"href":"https:\/\/nathassiapoliseni.com.br\/lp\/wp-json\/wp\/v2\/comments?post=21"}],"version-history":[{"count":1,"href":"https:\/\/nathassiapoliseni.com.br\/lp\/wp-json\/wp\/v2\/pages\/21\/revisions"}],"predecessor-version":[{"id":22,"href":"https:\/\/nathassiapoliseni.com.br\/lp\/wp-json\/wp\/v2\/pages\/21\/revisions\/22"}],"wp:attachment":[{"href":"https:\/\/nathassiapoliseni.com.br\/lp\/wp-json\/wp\/v2\/media?parent=21"}],"curies":[{"name":"wp","href":"https:\/\/api.w.org\/{rel}","templated":true}]}}